{"id":833,"date":"2022-10-06T14:23:01","date_gmt":"2022-10-06T14:23:01","guid":{"rendered":"https:\/\/franckmanini.fr\/?page_id=833"},"modified":"2022-10-06T14:23:01","modified_gmt":"2022-10-06T14:23:01","slug":"therapie-de-couple-villefranche-sur-saone","status":"publish","type":"page","link":"https:\/\/franckmanini.fr\/?page_id=833","title":{"rendered":"Couple"},"content":{"rendered":"","protected":false},"excerpt":{"rendered":"","protected":false},"author":1,"featured_media":0,"parent":0,"menu_order":0,"comment_status":"closed","ping_status":"closed","template":"","meta":{"_et_pb_use_builder":"on","_et_pb_old_content":"","_et_gb_content_width":"","footnotes":""},"class_list":["post-833","page","type-page","status-publish","hentry"],"yoast_head":"<!-- This site is optimized with the Yoast SEO plugin v27.4 - https:\/\/yoast.com\/product\/yoast-seo-wordpress\/ -->\n<title>Th\u00e9rapie de couple \u00e0 Villefranche-sur-Sa\u00f4ne<\/title>\n<meta name=\"description\" content=\"Couple est crise? Sortir de sa d\u00e9tresse en prenant soin de son couple conjugal et de sa famille avec une th\u00e9rapie de couple \u00e0 Villefranche\" \/>\n<meta name=\"robots\" content=\"index, follow, max-snippet:-1, max-image-preview:large, max-video-preview:-1\" \/>\n<link rel=\"canonical\" href=\"https:\/\/franckmanini.fr\/?page_id=833\" \/>\n<meta property=\"og:locale\" content=\"fr_FR\" \/>\n<meta property=\"og:type\" content=\"article\" \/>\n<meta property=\"og:title\" content=\"Th\u00e9rapie de couple \u00e0 Villefranche-sur-Sa\u00f4ne\" \/>\n<meta property=\"og:description\" content=\"Couple est crise? Sortir de sa d\u00e9tresse en prenant soin de son couple conjugal et de sa famille avec une th\u00e9rapie de couple \u00e0 Villefranche\" \/>\n<meta property=\"og:url\" content=\"https:\/\/franckmanini.fr\/?page_id=833\" \/>\n<meta property=\"og:site_name\" content=\"Psychologue Villefranche-sur-Sa\u00f4ne\" \/>\n<meta name=\"twitter:card\" content=\"summary_large_image\" \/>\n<script type=\"application\/ld+json\" class=\"yoast-schema-graph\">{\"@context\":\"https:\\\/\\\/schema.org\",\"@graph\":[{\"@type\":\"WebPage\",\"@id\":\"https:\\\/\\\/franckmanini.fr\\\/?page_id=833\",\"url\":\"https:\\\/\\\/franckmanini.fr\\\/?page_id=833\",\"name\":\"Th\u00e9rapie de couple \u00e0 Villefranche-sur-Sa\u00f4ne\",\"isPartOf\":{\"@id\":\"https:\\\/\\\/franckmanini.fr\\\/#website\"},\"datePublished\":\"2022-10-06T14:23:01+00:00\",\"description\":\"Couple est crise? Sortir de sa d\u00e9tresse en prenant soin de son couple conjugal et de sa famille avec une th\u00e9rapie de couple \u00e0 Villefranche\",\"breadcrumb\":{\"@id\":\"https:\\\/\\\/franckmanini.fr\\\/?page_id=833#breadcrumb\"},\"inLanguage\":\"fr-FR\",\"potentialAction\":[{\"@type\":\"ReadAction\",\"target\":[\"https:\\\/\\\/franckmanini.fr\\\/?page_id=833\"]}]},{\"@type\":\"BreadcrumbList\",\"@id\":\"https:\\\/\\\/franckmanini.fr\\\/?page_id=833#breadcrumb\",\"itemListElement\":[{\"@type\":\"ListItem\",\"position\":1,\"name\":\"Accueil\",\"item\":\"https:\\\/\\\/franckmanini.fr\\\/\"},{\"@type\":\"ListItem\",\"position\":2,\"name\":\"Couple\"}]},{\"@type\":\"WebSite\",\"@id\":\"https:\\\/\\\/franckmanini.fr\\\/#website\",\"url\":\"https:\\\/\\\/franckmanini.fr\\\/\",\"name\":\"Psychologue Villefranche-sur-Sa\u00f4ne\",\"description\":\"Franck Manini\",\"publisher\":{\"@id\":\"https:\\\/\\\/franckmanini.fr\\\/#organization\"},\"potentialAction\":[{\"@type\":\"SearchAction\",\"target\":{\"@type\":\"EntryPoint\",\"urlTemplate\":\"https:\\\/\\\/franckmanini.fr\\\/?s={search_term_string}\"},\"query-input\":{\"@type\":\"PropertyValueSpecification\",\"valueRequired\":true,\"valueName\":\"search_term_string\"}}],\"inLanguage\":\"fr-FR\"},{\"@type\":\"Organization\",\"@id\":\"https:\\\/\\\/franckmanini.fr\\\/#organization\",\"name\":\"https:\\\/\\\/franckmanini.fr\\\/\",\"url\":\"https:\\\/\\\/franckmanini.fr\\\/\",\"logo\":{\"@type\":\"ImageObject\",\"inLanguage\":\"fr-FR\",\"@id\":\"https:\\\/\\\/franckmanini.fr\\\/#\\\/schema\\\/logo\\\/image\\\/\",\"url\":\"https:\\\/\\\/franckmanini.fr\\\/wp-content\\\/uploads\\\/2022\\\/07\\\/IMG_E6573-scaled.jpg\",\"contentUrl\":\"https:\\\/\\\/franckmanini.fr\\\/wp-content\\\/uploads\\\/2022\\\/07\\\/IMG_E6573-scaled.jpg\",\"width\":2560,\"height\":2333,\"caption\":\"https:\\\/\\\/franckmanini.fr\\\/\"},\"image\":{\"@id\":\"https:\\\/\\\/franckmanini.fr\\\/#\\\/schema\\\/logo\\\/image\\\/\"}}]}<\/script>\n<!-- \/ Yoast SEO plugin. -->","yoast_head_json":{"title":"Th\u00e9rapie de couple \u00e0 Villefranche-sur-Sa\u00f4ne","description":"Couple est crise? Sortir de sa d\u00e9tresse en prenant soin de son couple conjugal et de sa famille avec une th\u00e9rapie de couple \u00e0 Villefranche","robots":{"index":"index","follow":"follow","max-snippet":"max-snippet:-1","max-image-preview":"max-image-preview:large","max-video-preview":"max-video-preview:-1"},"canonical":"https:\/\/franckmanini.fr\/?page_id=833","og_locale":"fr_FR","og_type":"article","og_title":"Th\u00e9rapie de couple \u00e0 Villefranche-sur-Sa\u00f4ne","og_description":"Couple est crise? Sortir de sa d\u00e9tresse en prenant soin de son couple conjugal et de sa famille avec une th\u00e9rapie de couple \u00e0 Villefranche","og_url":"https:\/\/franckmanini.fr\/?page_id=833","og_site_name":"Psychologue Villefranche-sur-Sa\u00f4ne","twitter_card":"summary_large_image","schema":{"@context":"https:\/\/schema.org","@graph":[{"@type":"WebPage","@id":"https:\/\/franckmanini.fr\/?page_id=833","url":"https:\/\/franckmanini.fr\/?page_id=833","name":"Th\u00e9rapie de couple \u00e0 Villefranche-sur-Sa\u00f4ne","isPartOf":{"@id":"https:\/\/franckmanini.fr\/#website"},"datePublished":"2022-10-06T14:23:01+00:00","description":"Couple est crise? Sortir de sa d\u00e9tresse en prenant soin de son couple conjugal et de sa famille avec une th\u00e9rapie de couple \u00e0 Villefranche","breadcrumb":{"@id":"https:\/\/franckmanini.fr\/?page_id=833#breadcrumb"},"inLanguage":"fr-FR","potentialAction":[{"@type":"ReadAction","target":["https:\/\/franckmanini.fr\/?page_id=833"]}]},{"@type":"BreadcrumbList","@id":"https:\/\/franckmanini.fr\/?page_id=833#breadcrumb","itemListElement":[{"@type":"ListItem","position":1,"name":"Accueil","item":"https:\/\/franckmanini.fr\/"},{"@type":"ListItem","position":2,"name":"Couple"}]},{"@type":"WebSite","@id":"https:\/\/franckmanini.fr\/#website","url":"https:\/\/franckmanini.fr\/","name":"Psychologue Villefranche-sur-Sa\u00f4ne","description":"Franck Manini","publisher":{"@id":"https:\/\/franckmanini.fr\/#organization"},"potentialAction":[{"@type":"SearchAction","target":{"@type":"EntryPoint","urlTemplate":"https:\/\/franckmanini.fr\/?s={search_term_string}"},"query-input":{"@type":"PropertyValueSpecification","valueRequired":true,"valueName":"search_term_string"}}],"inLanguage":"fr-FR"},{"@type":"Organization","@id":"https:\/\/franckmanini.fr\/#organization","name":"https:\/\/franckmanini.fr\/","url":"https:\/\/franckmanini.fr\/","logo":{"@type":"ImageObject","inLanguage":"fr-FR","@id":"https:\/\/franckmanini.fr\/#\/schema\/logo\/image\/","url":"https:\/\/franckmanini.fr\/wp-content\/uploads\/2022\/07\/IMG_E6573-scaled.jpg","contentUrl":"https:\/\/franckmanini.fr\/wp-content\/uploads\/2022\/07\/IMG_E6573-scaled.jpg","width":2560,"height":2333,"caption":"https:\/\/franckmanini.fr\/"},"image":{"@id":"https:\/\/franckmanini.fr\/#\/schema\/logo\/image\/"}}]}},"_links":{"self":[{"href":"https:\/\/franckmanini.fr\/index.php?rest_route=\/wp\/v2\/pages\/833","targetHints":{"allow":["GET"]}}],"collection":[{"href":"https:\/\/franckmanini.fr\/index.php?rest_route=\/wp\/v2\/pages"}],"about":[{"href":"https:\/\/franckmanini.fr\/index.php?rest_route=\/wp\/v2\/types\/page"}],"author":[{"embeddable":true,"href":"https:\/\/franckmanini.fr\/index.php?rest_route=\/wp\/v2\/users\/1"}],"replies":[{"embeddable":true,"href":"https:\/\/franckmanini.fr\/index.php?rest_route=%2Fwp%2Fv2%2Fcomments&post=833"}],"version-history":[{"count":2,"href":"https:\/\/franckmanini.fr\/index.php?rest_route=\/wp\/v2\/pages\/833\/revisions"}],"predecessor-version":[{"id":1138,"href":"https:\/\/franckmanini.fr\/index.php?rest_route=\/wp\/v2\/pages\/833\/revisions\/1138"}],"wp:attachment":[{"href":"https:\/\/franckmanini.fr\/index.php?rest_route=%2Fwp%2Fv2%2Fmedia&parent=833"}],"curies":[{"name":"wp","href":"https:\/\/api.w.org\/{rel}","templated":true}]}}